{"id":178,"date":"2016-03-15T17:40:05","date_gmt":"2016-03-15T12:10:05","guid":{"rendered":"http:\/\/localhost\/btg\/?page_id=178"},"modified":"2016-03-15T17:40:05","modified_gmt":"2016-03-15T12:10:05","slug":"gallery-with-caption-2-columns","status":"publish","type":"page","link":"https:\/\/openheart.in.ua\/se\/galleri-med-bildtext-2-kolumner\/","title":{"rendered":"Galleri med bildtext 2 kolumner"},"content":{"rendered":"<section class=\"wpb-content-wrapper\"><div class=\"vc_row wpb_row vc_row-fluid\"><div class=\"wpb_column vc_column_container vc_col-sm-12\"><div class=\"vc_column-inner\"><div class=\"wpb_wrapper\"><div class=\"grid-filter\">\n                    <ul class=\"nav nav-pills sort-source\" data-sort-id=\"gallery\" data-option-key=\"filter\">\n                        <li data-option-value=\"*\" class=\"active\"><a href=\"#\"><i class=\"fa fa-th\"><\/i> <span>Show All<\/span><\/a><\/li><li data-option-value=\".term-45\"><a href=\"#\"><span><i class=\"fa fa-image\"><\/i> Bilder<\/span><\/a><\/li><li data-option-value=\".term-46\"><a href=\"#\"><span><i class=\"fa fa-image\"><\/i> L\u00e4nkar<\/span><\/a><\/li><li data-option-value=\".term-51\"><a href=\"#\"><span><i class=\"fa fa-image\"><\/i> Sliders<\/span><\/a><\/li><li data-option-value=\".term-56\"><a href=\"#\"><span><i class=\"fa fa-image\"><\/i> Videor<\/span><\/a><\/li><\/ul>\n                <\/div><div class=\"row\"><ul class=\"sort-destination isotope gallery-items\" data-sort-id=\"gallery\"><li class=\"col-md-6 col-sm-6 col-xs-6 grid-item gallery-grid-item  format-video\">\n                          \t<a href=\"https:\/\/vimeo.com\/47532705\" class=\"media-box magnific-video\">  <\/a>\n                            <div class=\"grid-item-content\">\n                                <p>Galleri videoformat<\/p>\n                            <\/div><\/li><li class=\"col-md-6 col-sm-6 col-xs-6 grid-item gallery-grid-item term-56  format-video\">\n                          \t<a href=\"https:\/\/vimeo.com\/47532705\" class=\"media-box magnific-video\">  <\/a>\n                            <div class=\"grid-item-content\">\n                                <p>Detta galleriobjekt \u00e4r l\u00e4nkat till en Vimeo-video<\/p>\n                            <\/div><\/li><li class=\"col-md-6 col-sm-6 col-xs-6 grid-item gallery-grid-item term-46  format-link\">\n                           \t<a href=\"http:\/\/www.imithemes.com\" target=\"_blank\" class=\"media-box\">  <\/a>\n                            <div class=\"grid-item-content\">\n\t\t\t\t\t\t\t\t\t<p>L\u00e4nkformat galleri<\/p>\n\t\t\t\t\t\t\t\t<\/div><\/li><li class=\"col-md-6 col-sm-6 col-xs-6 grid-item gallery-grid-item term-46  format-link\">\n                           \t<a href=\"http:\/\/www.google.com\" target=\"_blank\" class=\"media-box\">  <\/a>\n                            <div class=\"grid-item-content\">\n\t\t\t\t\t\t\t\t\t<p>Detta gallerif\u00f6rem\u00e5l \u00e4r l\u00e4nkat till webbplatsen google.com<\/p>\n\t\t\t\t\t\t\t\t<\/div><\/li><li class=\"col-md-6 col-sm-6 col-xs-6 grid-item gallery-grid-item term-51  format-gallery\">\n                                <div class=\"flexslider galleryflex\" data-autoplay=\"yes\" data-pagination=\"yes\" data-arrows=\"yes\" data-style=\"fade\" data-pause=\"yes\"><ul class=\"slides\"><li class=\"item format-image\"><a href=\"\" class=\"media-box popup-image\"><\/a><\/li><li class=\"item format-image\"><a href=\"\" class=\"media-box popup-image\"><\/a><\/li><\/ul><\/div><div class=\"grid-item-content\">\n                                <p>En dag kanske jag kan flyga<\/p>\n                            <\/div><\/li><li class=\"col-md-6 col-sm-6 col-xs-6 grid-item gallery-grid-item term-51  format-gallery\">\n                                <div class=\"flexslider galleryflex\" data-autoplay=\"yes\" data-pagination=\"yes\" data-arrows=\"yes\" data-style=\"fade\" data-pause=\"yes\"><ul class=\"slides\"><li class=\"item format-image\"><a href=\"\" class=\"media-box popup-image\"><\/a><\/li><li class=\"item format-image\"><a href=\"\" class=\"media-box popup-image\"><\/a><\/li><\/ul><\/div><div class=\"grid-item-content\">\n                                <p>Unga studenter presenterar sitt land med flaggor<\/p>\n                            <\/div><\/li><li class=\"col-md-6 col-sm-6 col-xs-6 grid-item gallery-grid-item term-45  format-image\">\n                           \t<a href=\"\" class=\"media-box magnific-image\">  <\/a>\n                            <div class=\"grid-item-content\">\n                                <p>Barnarbete \u00e4r det v\u00e4rsta som finns i v\u00e4rlden<\/p>\n                            <\/div><\/li><li class=\"col-md-6 col-sm-6 col-xs-6 grid-item gallery-grid-item term-45  format-image\">\n                           \t<a href=\"\" class=\"media-box magnific-image\">  <\/a>\n                            <div class=\"grid-item-content\">\n                                <p>En dag kanske jag kan flyga<\/p>\n                            <\/div><\/li><\/ul><\/div><\/div><\/div><\/div><\/div>\n<\/section>","protected":false},"excerpt":{"rendered":"","protected":false},"author":1,"featured_media":0,"parent":0,"menu_order":0,"comment_status":"closed","ping_status":"closed","template":"","meta":{"inline_featured_image":false,"footnotes":""},"class_list":["post-178","page","type-page","status-publish","hentry"],"yoast_head":"<!-- This site is optimized with the Yoast SEO plugin v25.8 - https:\/\/yoast.com\/wordpress\/plugins\/seo\/ -->\n<title>Gallery with caption 2 columns - \u0411\u043b\u0430\u0433\u043e\u0434\u0456\u0439\u043d\u0438\u0439 \u0424\u043e\u043d\u0434 \u0434\u043e\u043f\u043e\u043c\u043e\u0433\u0438 \u0432\u0456\u0439\u0441\u044c\u043a\u043e\u0432\u0438\u043c \u201c\u0412\u0456\u0434\u043a\u0440\u0438\u0442\u0435 \u0441\u0435\u0440\u0446\u0435\u201d \u0432 \u0427\u0435\u0440\u043a\u0430\u0441c\u0430\u0445<\/title>\n<meta name=\"robots\" content=\"index, follow, max-snippet:-1, max-image-preview:large, max-video-preview:-1\" \/>\n<link rel=\"canonical\" href=\"https:\/\/openheart.in.ua\/se\/galleri-med-bildtext-2-kolumner\/\" \/>\n<meta property=\"og:locale\" content=\"sv_SE\" \/>\n<meta property=\"og:type\" content=\"article\" \/>\n<meta property=\"og:title\" content=\"Gallery with caption 2 columns - \u0411\u043b\u0430\u0433\u043e\u0434\u0456\u0439\u043d\u0438\u0439 \u0424\u043e\u043d\u0434 \u0434\u043e\u043f\u043e\u043c\u043e\u0433\u0438 \u0432\u0456\u0439\u0441\u044c\u043a\u043e\u0432\u0438\u043c \u201c\u0412\u0456\u0434\u043a\u0440\u0438\u0442\u0435 \u0441\u0435\u0440\u0446\u0435\u201d \u0432 \u0427\u0435\u0440\u043a\u0430\u0441c\u0430\u0445\" \/>\n<meta property=\"og:url\" content=\"https:\/\/openheart.in.ua\/se\/galleri-med-bildtext-2-kolumner\/\" \/>\n<meta property=\"og:site_name\" content=\"\u0411\u043b\u0430\u0433\u043e\u0434\u0456\u0439\u043d\u0438\u0439 \u0424\u043e\u043d\u0434 \u0434\u043e\u043f\u043e\u043c\u043e\u0433\u0438 \u0432\u0456\u0439\u0441\u044c\u043a\u043e\u0432\u0438\u043c \u201c\u0412\u0456\u0434\u043a\u0440\u0438\u0442\u0435 \u0441\u0435\u0440\u0446\u0435\u201d \u0432 \u0427\u0435\u0440\u043a\u0430\u0441c\u0430\u0445\" \/>\n<meta property=\"article:publisher\" content=\"https:\/\/www.facebook.com\/openheartua\" \/>\n<meta name=\"twitter:card\" content=\"summary_large_image\" \/>\n<script type=\"application\/ld+json\" class=\"yoast-schema-graph\">{\"@context\":\"https:\/\/schema.org\",\"@graph\":[{\"@type\":\"WebPage\",\"@id\":\"https:\/\/openheart.in.ua\/gallery-with-caption-2-columns\/\",\"url\":\"https:\/\/openheart.in.ua\/gallery-with-caption-2-columns\/\",\"name\":\"Gallery with caption 2 columns - \u0411\u043b\u0430\u0433\u043e\u0434\u0456\u0439\u043d\u0438\u0439 \u0424\u043e\u043d\u0434 \u0434\u043e\u043f\u043e\u043c\u043e\u0433\u0438 \u0432\u0456\u0439\u0441\u044c\u043a\u043e\u0432\u0438\u043c \u201c\u0412\u0456\u0434\u043a\u0440\u0438\u0442\u0435 \u0441\u0435\u0440\u0446\u0435\u201d \u0432 \u0427\u0435\u0440\u043a\u0430\u0441c\u0430\u0445\",\"isPartOf\":{\"@id\":\"https:\/\/openheart.in.ua\/#website\"},\"datePublished\":\"2016-03-15T12:10:05+00:00\",\"breadcrumb\":{\"@id\":\"https:\/\/openheart.in.ua\/gallery-with-caption-2-columns\/#breadcrumb\"},\"inLanguage\":\"sv-SE\",\"potentialAction\":[{\"@type\":\"ReadAction\",\"target\":[\"https:\/\/openheart.in.ua\/gallery-with-caption-2-columns\/\"]}]},{\"@type\":\"BreadcrumbList\",\"@id\":\"https:\/\/openheart.in.ua\/gallery-with-caption-2-columns\/#breadcrumb\",\"itemListElement\":[{\"@type\":\"ListItem\",\"position\":1,\"name\":\"Home\",\"item\":\"https:\/\/openheart.in.ua\/\"},{\"@type\":\"ListItem\",\"position\":2,\"name\":\"Gallery with caption 2 columns\"}]},{\"@type\":\"WebSite\",\"@id\":\"https:\/\/openheart.in.ua\/#website\",\"url\":\"https:\/\/openheart.in.ua\/\",\"name\":\"\u0411\u043b\u0430\u0433\u043e\u0434\u0456\u0439\u043d\u0438\u0439 \u0424\u043e\u043d\u0434 \u0434\u043e\u043f\u043e\u043c\u043e\u0433\u0438 \u0432\u0456\u0439\u0441\u044c\u043a\u043e\u0432\u0438\u043c \u201c\u0412\u0456\u0434\u043a\u0440\u0438\u0442\u0435 \u0441\u0435\u0440\u0446\u0435\u201d \u0432 \u0427\u0435\u0440\u043a\u0430\u0441\u0430\u0445\",\"description\":\"\u041f\u0441\u0438\u0445\u043e\u043b\u043e\u0433\u0456\u0447\u043d\u0430 \u0440\u0435\u0430\u0431\u0456\u043b\u0456\u0442\u0430\u0446\u0456\u044f \u0443\u0447\u0430\u0441\u043d\u0438\u043a\u0456\u0432 \u0431\u043e\u0439\u043e\u0432\u0438\u0445 \u0434\u0456\u0439 \u0443 \u0444\u043e\u043d\u0434\u0456 \u201c\u0412\u0456\u0434\u043a\u0440\u0438\u0442\u0435 \u0441\u0435\u0440\u0434\u0446\u0435\u201d\u2013 \u043f\u0440\u043e\u0444\u0435\u0441\u0456\u0439\u043d\u0430 \u043f\u0456\u0434\u0442\u0440\u0438\u043c\u043a\u0430 \u0432\u0435\u0442\u0435\u0440\u0430\u043d\u0456\u0432 \u0442\u0430 \u0432\u0456\u0439\u0441\u044c\u043a\u043e\u0432\u043e\u0441\u043b\u0443\u0436\u0431\u043e\u0432\u0446\u0456\u0432 \u0434\u043b\u044f \u043f\u043e\u0434\u043e\u043b\u0430\u043d\u043d\u044f \u041f\u0422\u0421\u0420, \u0442\u0440\u0438\u0432\u043e\u0436\u043d\u043e\u0441\u0442\u0456 \u0442\u0430 \u0441\u0442\u0440\u0435\u0441\u0443.\",\"publisher\":{\"@id\":\"https:\/\/openheart.in.ua\/#organization\"},\"alternateName\":\"\u0411\u0424 \\\"\u0412\u0456\u0434\u043a\u0440\u0438\u0442\u0435 \u0441\u0435\u0440\u0446\u0435\\\"\",\"potentialAction\":[{\"@type\":\"SearchAction\",\"target\":{\"@type\":\"EntryPoint\",\"urlTemplate\":\"https:\/\/openheart.in.ua\/?s={search_term_string}\"},\"query-input\":{\"@type\":\"PropertyValueSpecification\",\"valueRequired\":true,\"valueName\":\"search_term_string\"}}],\"inLanguage\":\"sv-SE\"},{\"@type\":\"Organization\",\"@id\":\"https:\/\/openheart.in.ua\/#organization\",\"name\":\"\u0411\u043b\u0430\u0433\u043e\u0434\u0456\u0439\u043d\u0438\u0439 \u0424\u043e\u043d\u0434 \u0434\u043e\u043f\u043e\u043c\u043e\u0433\u0438 \u0432\u0456\u0439\u0441\u044c\u043a\u043e\u0432\u0438\u043c \u201c\u0412\u0456\u0434\u043a\u0440\u0438\u0442\u0435 \u0441\u0435\u0440\u0446\u0435\u201d \u0432 \u0427\u0435\u0440\u043a\u0430\u0441\u0430\u0445\",\"url\":\"https:\/\/openheart.in.ua\/\",\"logo\":{\"@type\":\"ImageObject\",\"inLanguage\":\"sv-SE\",\"@id\":\"https:\/\/openheart.in.ua\/#\/schema\/logo\/image\/\",\"url\":\"https:\/\/openheart.in.ua\/wp-content\/uploads\/2025\/08\/logo.svg\",\"contentUrl\":\"https:\/\/openheart.in.ua\/wp-content\/uploads\/2025\/08\/logo.svg\",\"width\":382,\"height\":382,\"caption\":\"\u0411\u043b\u0430\u0433\u043e\u0434\u0456\u0439\u043d\u0438\u0439 \u0424\u043e\u043d\u0434 \u0434\u043e\u043f\u043e\u043c\u043e\u0433\u0438 \u0432\u0456\u0439\u0441\u044c\u043a\u043e\u0432\u0438\u043c \u201c\u0412\u0456\u0434\u043a\u0440\u0438\u0442\u0435 \u0441\u0435\u0440\u0446\u0435\u201d \u0432 \u0427\u0435\u0440\u043a\u0430\u0441\u0430\u0445\"},\"image\":{\"@id\":\"https:\/\/openheart.in.ua\/#\/schema\/logo\/image\/\"},\"sameAs\":[\"https:\/\/www.facebook.com\/openheartua\",\"https:\/\/www.instagram.com\/openheartua\/?igshid=MzRlODBiNWFlZA\",\"https:\/\/www.youtube.com\/@CharityFoundationOpenHeart\",\"https:\/\/www.tiktok.com\/@openheartfund\"]}]}<\/script>\n<!-- \/ Yoast SEO plugin. -->","yoast_head_json":{"title":"Gallery with caption 2 columns - \u0411\u043b\u0430\u0433\u043e\u0434\u0456\u0439\u043d\u0438\u0439 \u0424\u043e\u043d\u0434 \u0434\u043e\u043f\u043e\u043c\u043e\u0433\u0438 \u0432\u0456\u0439\u0441\u044c\u043a\u043e\u0432\u0438\u043c \u201c\u0412\u0456\u0434\u043a\u0440\u0438\u0442\u0435 \u0441\u0435\u0440\u0446\u0435\u201d \u0432 \u0427\u0435\u0440\u043a\u0430\u0441c\u0430\u0445","robots":{"index":"index","follow":"follow","max-snippet":"max-snippet:-1","max-image-preview":"max-image-preview:large","max-video-preview":"max-video-preview:-1"},"canonical":"https:\/\/openheart.in.ua\/se\/galleri-med-bildtext-2-kolumner\/","og_locale":"sv_SE","og_type":"article","og_title":"Gallery with caption 2 columns - \u0411\u043b\u0430\u0433\u043e\u0434\u0456\u0439\u043d\u0438\u0439 \u0424\u043e\u043d\u0434 \u0434\u043e\u043f\u043e\u043c\u043e\u0433\u0438 \u0432\u0456\u0439\u0441\u044c\u043a\u043e\u0432\u0438\u043c \u201c\u0412\u0456\u0434\u043a\u0440\u0438\u0442\u0435 \u0441\u0435\u0440\u0446\u0435\u201d \u0432 \u0427\u0435\u0440\u043a\u0430\u0441c\u0430\u0445","og_url":"https:\/\/openheart.in.ua\/se\/galleri-med-bildtext-2-kolumner\/","og_site_name":"\u0411\u043b\u0430\u0433\u043e\u0434\u0456\u0439\u043d\u0438\u0439 \u0424\u043e\u043d\u0434 \u0434\u043e\u043f\u043e\u043c\u043e\u0433\u0438 \u0432\u0456\u0439\u0441\u044c\u043a\u043e\u0432\u0438\u043c \u201c\u0412\u0456\u0434\u043a\u0440\u0438\u0442\u0435 \u0441\u0435\u0440\u0446\u0435\u201d \u0432 \u0427\u0435\u0440\u043a\u0430\u0441c\u0430\u0445","article_publisher":"https:\/\/www.facebook.com\/openheartua","twitter_card":"summary_large_image","schema":{"@context":"https:\/\/schema.org","@graph":[{"@type":"WebPage","@id":"https:\/\/openheart.in.ua\/gallery-with-caption-2-columns\/","url":"https:\/\/openheart.in.ua\/gallery-with-caption-2-columns\/","name":"Gallery with caption 2 columns - \u0411\u043b\u0430\u0433\u043e\u0434\u0456\u0439\u043d\u0438\u0439 \u0424\u043e\u043d\u0434 \u0434\u043e\u043f\u043e\u043c\u043e\u0433\u0438 \u0432\u0456\u0439\u0441\u044c\u043a\u043e\u0432\u0438\u043c \u201c\u0412\u0456\u0434\u043a\u0440\u0438\u0442\u0435 \u0441\u0435\u0440\u0446\u0435\u201d \u0432 \u0427\u0435\u0440\u043a\u0430\u0441c\u0430\u0445","isPartOf":{"@id":"https:\/\/openheart.in.ua\/#website"},"datePublished":"2016-03-15T12:10:05+00:00","breadcrumb":{"@id":"https:\/\/openheart.in.ua\/gallery-with-caption-2-columns\/#breadcrumb"},"inLanguage":"sv-SE","potentialAction":[{"@type":"ReadAction","target":["https:\/\/openheart.in.ua\/gallery-with-caption-2-columns\/"]}]},{"@type":"BreadcrumbList","@id":"https:\/\/openheart.in.ua\/gallery-with-caption-2-columns\/#breadcrumb","itemListElement":[{"@type":"ListItem","position":1,"name":"Home","item":"https:\/\/openheart.in.ua\/"},{"@type":"ListItem","position":2,"name":"Gallery with caption 2 columns"}]},{"@type":"WebSite","@id":"https:\/\/openheart.in.ua\/#website","url":"https:\/\/openheart.in.ua\/","name":"\u0411\u043b\u0430\u0433\u043e\u0434\u0456\u0439\u043d\u0438\u0439 \u0424\u043e\u043d\u0434 \u0434\u043e\u043f\u043e\u043c\u043e\u0433\u0438 \u0432\u0456\u0439\u0441\u044c\u043a\u043e\u0432\u0438\u043c \u201c\u0412\u0456\u0434\u043a\u0440\u0438\u0442\u0435 \u0441\u0435\u0440\u0446\u0435\u201d \u0432 \u0427\u0435\u0440\u043a\u0430\u0441\u0430\u0445","description":"\u041f\u0441\u0438\u0445\u043e\u043b\u043e\u0433\u0456\u0447\u043d\u0430 \u0440\u0435\u0430\u0431\u0456\u043b\u0456\u0442\u0430\u0446\u0456\u044f \u0443\u0447\u0430\u0441\u043d\u0438\u043a\u0456\u0432 \u0431\u043e\u0439\u043e\u0432\u0438\u0445 \u0434\u0456\u0439 \u0443 \u0444\u043e\u043d\u0434\u0456 \u201c\u0412\u0456\u0434\u043a\u0440\u0438\u0442\u0435 \u0441\u0435\u0440\u0434\u0446\u0435\u201d\u2013 \u043f\u0440\u043e\u0444\u0435\u0441\u0456\u0439\u043d\u0430 \u043f\u0456\u0434\u0442\u0440\u0438\u043c\u043a\u0430 \u0432\u0435\u0442\u0435\u0440\u0430\u043d\u0456\u0432 \u0442\u0430 \u0432\u0456\u0439\u0441\u044c\u043a\u043e\u0432\u043e\u0441\u043b\u0443\u0436\u0431\u043e\u0432\u0446\u0456\u0432 \u0434\u043b\u044f \u043f\u043e\u0434\u043e\u043b\u0430\u043d\u043d\u044f \u041f\u0422\u0421\u0420, \u0442\u0440\u0438\u0432\u043e\u0436\u043d\u043e\u0441\u0442\u0456 \u0442\u0430 \u0441\u0442\u0440\u0435\u0441\u0443.","publisher":{"@id":"https:\/\/openheart.in.ua\/#organization"},"alternateName":"\u0411\u0424 \"\u0412\u0456\u0434\u043a\u0440\u0438\u0442\u0435 \u0441\u0435\u0440\u0446\u0435\"","potentialAction":[{"@type":"SearchAction","target":{"@type":"EntryPoint","urlTemplate":"https:\/\/openheart.in.ua\/?s={search_term_string}"},"query-input":{"@type":"PropertyValueSpecification","valueRequired":true,"valueName":"search_term_string"}}],"inLanguage":"sv-SE"},{"@type":"Organization","@id":"https:\/\/openheart.in.ua\/#organization","name":"\u0411\u043b\u0430\u0433\u043e\u0434\u0456\u0439\u043d\u0438\u0439 \u0424\u043e\u043d\u0434 \u0434\u043e\u043f\u043e\u043c\u043e\u0433\u0438 \u0432\u0456\u0439\u0441\u044c\u043a\u043e\u0432\u0438\u043c \u201c\u0412\u0456\u0434\u043a\u0440\u0438\u0442\u0435 \u0441\u0435\u0440\u0446\u0435\u201d \u0432 \u0427\u0435\u0440\u043a\u0430\u0441\u0430\u0445","url":"https:\/\/openheart.in.ua\/","logo":{"@type":"ImageObject","inLanguage":"sv-SE","@id":"https:\/\/openheart.in.ua\/#\/schema\/logo\/image\/","url":"https:\/\/openheart.in.ua\/wp-content\/uploads\/2025\/08\/logo.svg","contentUrl":"https:\/\/openheart.in.ua\/wp-content\/uploads\/2025\/08\/logo.svg","width":382,"height":382,"caption":"\u0411\u043b\u0430\u0433\u043e\u0434\u0456\u0439\u043d\u0438\u0439 \u0424\u043e\u043d\u0434 \u0434\u043e\u043f\u043e\u043c\u043e\u0433\u0438 \u0432\u0456\u0439\u0441\u044c\u043a\u043e\u0432\u0438\u043c \u201c\u0412\u0456\u0434\u043a\u0440\u0438\u0442\u0435 \u0441\u0435\u0440\u0446\u0435\u201d \u0432 \u0427\u0435\u0440\u043a\u0430\u0441\u0430\u0445"},"image":{"@id":"https:\/\/openheart.in.ua\/#\/schema\/logo\/image\/"},"sameAs":["https:\/\/www.facebook.com\/openheartua","https:\/\/www.instagram.com\/openheartua\/?igshid=MzRlODBiNWFlZA","https:\/\/www.youtube.com\/@CharityFoundationOpenHeart","https:\/\/www.tiktok.com\/@openheartfund"]}]}},"_links":{"self":[{"href":"https:\/\/openheart.in.ua\/se\/wp-json\/wp\/v2\/pages\/178","targetHints":{"allow":["GET"]}}],"collection":[{"href":"https:\/\/openheart.in.ua\/se\/wp-json\/wp\/v2\/pages"}],"about":[{"href":"https:\/\/openheart.in.ua\/se\/wp-json\/wp\/v2\/types\/page"}],"author":[{"embeddable":true,"href":"https:\/\/openheart.in.ua\/se\/wp-json\/wp\/v2\/users\/1"}],"replies":[{"embeddable":true,"href":"https:\/\/openheart.in.ua\/se\/wp-json\/wp\/v2\/comments?post=178"}],"version-history":[{"count":0,"href":"https:\/\/openheart.in.ua\/se\/wp-json\/wp\/v2\/pages\/178\/revisions"}],"wp:attachment":[{"href":"https:\/\/openheart.in.ua\/se\/wp-json\/wp\/v2\/media?parent=178"}],"curies":[{"name":"wp","href":"https:\/\/api.w.org\/{rel}","templated":true}]}}