{"id":205,"date":"2016-03-15T18:31:26","date_gmt":"2016-03-15T13:01:26","guid":{"rendered":"http:\/\/localhost\/btg\/?page_id=205"},"modified":"2016-03-15T18:31:26","modified_gmt":"2016-03-15T13:01:26","slug":"blog-grid","status":"publish","type":"page","link":"https:\/\/openheart.in.ua\/se\/blogg-rutnat\/","title":{"rendered":"Bloggn\u00e4tverk"},"content":{"rendered":"<section class=\"wpb-content-wrapper\"><div class=\"vc_row wpb_row vc_row-fluid\"><div class=\"wpb_column vc_column_container vc_col-sm-12\"><div class=\"vc_column-inner\"><div class=\"wpb_wrapper\"><div class=\"row\"><ul class=\"grid-holder isotope gallery-items\" data-sort-id=\"gallery\"><li class=\"col-md-4 col-sm-6 grid-item blog-grid-item format-standard\">\n                        <div class=\"grid-item-inner\"><a href=\"https:\/\/openheart.in.ua\/se\/czentr-psihologichno%d1%97-dopomogi-ta-reabilitaczi%d1%97-miscze-de-vas-chekayut\/\" class=\"media-box\">\n                                <img decoding=\"async\" src=\"https:\/\/openheart.in.ua\/wp-content\/uploads\/2024\/03\/2025-03-08-13.51.57-600x400.jpg\" class=\"attachment-borntogive-600x400 size-borntogive-600x400 wp-post-image\" alt=\"\" \/>\n                            <\/a><div class=\"grid-item-content\">\n                                <h3 class=\"post-title\"><a href=\"https:\/\/openheart.in.ua\/se\/czentr-psihologichno%d1%97-dopomogi-ta-reabilitaczi%d1%97-miscze-de-vas-chekayut\/\">\"Centrum f\u00f6r psykologisk hj\u00e4lp och rehabilitering\" En plats d\u00e4r du \u00e4r v\u00e4lkommen!<\/a><\/h3><div class=\"meta-data grid-item-meta full-meta-data\"><i class=\"fa fa-calendar\"><\/i> 13 mars 2024<\/div><p><a href=\"https:\/\/openheart.in.ua\/se\/czentr-psihologichno%d1%97-dopomogi-ta-reabilitaczi%d1%97-miscze-de-vas-chekayut\/\"><\/a><\/p><\/div>\n                        <\/div>\n                    <\/li><li class=\"col-md-4 col-sm-6 grid-item blog-grid-item format-standard\">\n                        <div class=\"grid-item-inner\"><a href=\"https:\/\/openheart.in.ua\/se\/navigatoriska-framjandegrupper-for-foretagare-och-kommunala-organisationer\/\" class=\"media-box\">\n                                <img decoding=\"async\" src=\"https:\/\/openheart.in.ua\/wp-content\/uploads\/2024\/01\/photo_2023-12-28_15-44-36-600x400.jpg\" class=\"attachment-borntogive-600x400 size-borntogive-600x400 wp-post-image\" alt=\"\" \/>\n                            <\/a><div class=\"grid-item-content\">\n                                <h3 class=\"post-title\"><a href=\"https:\/\/openheart.in.ua\/se\/navigatoriska-framjandegrupper-for-foretagare-och-kommunala-organisationer\/\">Gruppsessioner med utbildning f\u00f6r pr\u00e4ster och frivilligorganisationer<\/a><\/h3><div class=\"meta-data grid-item-meta full-meta-data\"><i class=\"fa fa-calendar\"><\/i> 7 januari 2024<\/div><p>\u041d\u0430\u0448\u0430 \u0437\u0434\u0430\u0442\u043d\u0456\u0441\u0442\u044c \u0437\u0430\u043b\u0438\u0448\u0430\u0442\u0438\u0441\u044f \u043f\u0456\u0434 \u0447\u0430\u0441 \u0432\u0456\u0439\u043d\u0438 \u043f\u0441\u0438\u0445\u043e\u043b\u043e\u0433\u0456\u0447\u043d\u043e \u0441\u0442\u0456\u0439\u043a\u0438\u043c\u0438 &#8211; \u0446\u0435 \u0434\u0443\u0436\u0435 \u0432\u0430\u0436\u043b\u0438\u0432\u0438\u0439 \u0432\u043d\u0435\u0441\u043e\u043a \u0432 \u043f\u0435\u0440\u0435\u043c\u043e\u0433\u0443! \u0412 \u0446\u0456 \u043d\u0435\u043f\u0440\u043e\u0441\u0442\u0456 \u0447\u0430\u0441\u0438 \u043d\u0430\u043c \u0434\u0443\u0436\u0435 \u0432\u0430\u0436\u043b\u0438\u0432\u043e \u0432\u0447\u0438\u0442\u0438\u0441\u044c \u043f\u0440\u0430\u0432\u0438\u043b\u044c\u043d\u043e \u043a\u043e\u043c\u0443\u043d\u0456\u043a\u0443\u0432\u0430\u0442\u0438 \u043c\u0456\u0436 \u0441\u043e\u0431\u043e\u044e \u0442\u0430 \u0441\u043f\u0456\u043b\u043a\u0443\u0432\u0430\u0442\u0438\u0441\u044c \u043e\u0434\u0438\u043d&hellip;<a href=\"https:\/\/openheart.in.ua\/se\/navigatoriska-framjandegrupper-for-foretagare-och-kommunala-organisationer\/\"><\/a><\/p><\/div>\n                        <\/div>\n                    <\/li><li class=\"col-md-4 col-sm-6 grid-item blog-grid-item format-standard\">\n                        <div class=\"grid-item-inner\"><a href=\"https:\/\/openheart.in.ua\/se\/prodovzhu%d1%94mo-dopomagati\/\" class=\"media-box\">\n                                <img decoding=\"async\" src=\"https:\/\/openheart.in.ua\/wp-content\/uploads\/2024\/01\/photo_2023-12-28_16-02-11-600x400.jpg\" class=\"attachment-borntogive-600x400 size-borntogive-600x400 wp-post-image\" alt=\"\" \/>\n                            <\/a><div class=\"grid-item-content\">\n                                <h3 class=\"post-title\"><a href=\"https:\/\/openheart.in.ua\/se\/prodovzhu%d1%94mo-dopomagati\/\">Vi forts\u00e4tter att hj\u00e4lpa till!<\/a><\/h3><div class=\"meta-data grid-item-meta full-meta-data\"><i class=\"fa fa-calendar\"><\/i> 7 januari 2024<\/div><p>\u0411\u043b\u0430\u0433\u043e\u0434\u0456\u0439\u043d\u0438\u0439 \u0444\u043e\u043d\u0434 &#8220;\u0412\u0456\u0434\u043a\u0440\u0438\u0442\u0435 \u0441\u0435\u0440\u0446\u0435&#8221; \u043f\u0440\u043e\u0434\u043e\u0432\u0436\u0443\u0454 \u0434\u043e\u043f\u043e\u043c\u0430\u0433\u0430\u0442\u0438 \u0417\u0421\u0423 \u0442\u0430 \u043f\u0456\u0434\u0442\u0440\u0438\u043c\u0443\u0432\u0430\u0442\u0438 \u043d\u0430\u0448\u0438\u0445 \u0437\u0430\u0445\u0438\u0441\u043d\u0438\u043a\u0456\u0432 \u0442\u0430 \u0437\u0430\u0445\u0438\u0441\u043d\u0438\u0446\u044c \u043f\u0440\u043e\u0434\u0443\u043a\u0442\u0430\u043c\u0438 \u0445\u0430\u0440\u0447\u0443\u0432\u0430\u043d\u043d\u044f, \u0442\u0430 \u043c\u0435\u0434\u0438\u043a\u0430\u043c\u0435\u043d\u0442\u0430\u043c\u0438, \u0442\u0430 \u0432\u0441\u0456\u043c \u043d\u0435\u043e\u0431\u0445\u0456\u0434\u043d\u0438\u043c. \u0414\u044f\u043a\u0443\u0454\u043c\u043e \u043d\u0430\u0448\u0438\u043c \u0433\u0435\u0440\u043e\u044f\u043c \u0437\u0430 \u043c\u043e\u0436\u043b\u0438\u0432\u0456\u0441\u0442\u044c \u0436\u0438\u0442\u0438, \u043f\u0440\u0430\u0446\u044e\u0432\u0430\u0442\u0438 \u0442\u0430 \u0440\u0430\u0437\u043e\u043c \u0439\u0442\u0438&hellip;<a href=\"https:\/\/openheart.in.ua\/se\/prodovzhu%d1%94mo-dopomagati\/\"><\/a><\/p><\/div>\n                        <\/div>\n                    <\/li><li class=\"col-md-4 col-sm-6 grid-item blog-grid-item format-standard\">\n                        <div class=\"grid-item-inner\"><a href=\"https:\/\/openheart.in.ua\/se\/povernennya-dodom-dorozhnya-karta-fran-psykologer-i-centrumet\/\" class=\"media-box\">\n                                <img decoding=\"async\" src=\"https:\/\/openheart.in.ua\/wp-content\/uploads\/2023\/11\/9932440111423dd926ac597ccc4f632d-600x400.jpg\" class=\"attachment-borntogive-600x400 size-borntogive-600x400 wp-post-image\" alt=\"\" srcset=\"https:\/\/openheart.in.ua\/wp-content\/uploads\/2023\/11\/9932440111423dd926ac597ccc4f632d-600x400.jpg 600w, https:\/\/openheart.in.ua\/wp-content\/uploads\/2023\/11\/9932440111423dd926ac597ccc4f632d-300x200.jpg 300w, https:\/\/openheart.in.ua\/wp-content\/uploads\/2023\/11\/9932440111423dd926ac597ccc4f632d-1024x683.jpg 1024w, https:\/\/openheart.in.ua\/wp-content\/uploads\/2023\/11\/9932440111423dd926ac597ccc4f632d-768x512.jpg 768w, https:\/\/openheart.in.ua\/wp-content\/uploads\/2023\/11\/9932440111423dd926ac597ccc4f632d-958x639.jpg 958w, https:\/\/openheart.in.ua\/wp-content\/uploads\/2023\/11\/9932440111423dd926ac597ccc4f632d.jpg 1200w\" sizes=\"(max-width: 600px) 100vw, 600px\" \/>\n                            <\/a><div class=\"grid-item-content\">\n                                <h3 class=\"post-title\"><a href=\"https:\/\/openheart.in.ua\/se\/povernennya-dodom-dorozhnya-karta-fran-psykologer-i-centrumet\/\">Att \u00e5terv\u00e4nda hem: En f\u00e4rdplan fr\u00e5n centrets psykologer<\/a><\/h3><div class=\"meta-data grid-item-meta full-meta-data\"><i class=\"fa fa-calendar\"><\/i> 1 november 2023<\/div><p>\u0412\u0441\u0456 \u043c\u0438 \u0447\u0435\u043a\u0430\u0454\u043c\u043e \u043f\u0435\u0440\u0435\u043c\u043e\u0433\u0438 \u0442\u0430 \u043f\u043e\u0432\u0435\u0440\u043d\u0435\u043d\u043d\u044f \u0434\u043e\u0434\u043e\u043c\u0443 \u043d\u0430\u0448\u0438\u0445 \u0437\u0430\u0445\u0438\u0441\u043d\u0438\u043a\u0456\u0432 \u0410\u043b\u0435 \u0432\u0441\u0456\u043c \u043d\u0430\u043c \u0432\u0430\u0436\u043b\u0438\u0432\u043e \u0431\u0443\u0442\u0438 \u0433\u043e\u0442\u043e\u0432\u0438\u043c\u0438 \u0433\u0456\u0434\u043d\u043e \u0437\u0443\u0441\u0442\u0440\u0456\u0442\u0438 \u043d\u0430\u0448\u0438\u0445 \u0433\u0435\u0440\u043e\u0457\u0432 \u0432\u0434\u043e\u043c\u0430!\u00a0 \u0422\u043e\u043c\u0443 \u043f\u0441\u0438\u0445\u043e\u043b\u043e\u0433\u0438 \u043d\u0430\u0448\u043e\u0433\u043e \u0426\u0435\u043d\u0442\u0440\u0443 \u0440\u043e\u0437\u0440\u043e\u0431\u0438\u043b\u0438 \u0434\u043e\u0440\u043e\u0436\u043d\u044e \u043a\u0430\u0440\u0442\u0443, \u0434\u0435 \u0454 \u043f\u043e\u0440\u0430\u0434\u0438&hellip;<a href=\"https:\/\/openheart.in.ua\/se\/povernennya-dodom-dorozhnya-karta-fran-psykologer-i-centrumet\/\"><\/a><\/p><\/div>\n                        <\/div>\n                    <\/li><li class=\"col-md-4 col-sm-6 grid-item blog-grid-item format-standard\">\n                        <div class=\"grid-item-inner\"><a href=\"https:\/\/openheart.in.ua\/se\/ob%d1%94dnannyam-dopomogi-mi-primnozhu%d1%94mo-silu-davajte-stanemo-spilnoyu-pidtrimkoyu-nashih-zsu-na-shlyahu-do-peremogi\/\" class=\"media-box\">\n                                <img decoding=\"async\" src=\"https:\/\/openheart.in.ua\/wp-content\/uploads\/2023\/08\/2023-07-01-15.13.20-959x480-1-600x400.jpg\" class=\"attachment-borntogive-600x400 size-borntogive-600x400 wp-post-image\" alt=\"\" \/>\n                            <\/a><div class=\"grid-item-content\">\n                                <h3 class=\"post-title\"><a href=\"https:\/\/openheart.in.ua\/se\/ob%d1%94dnannyam-dopomogi-mi-primnozhu%d1%94mo-silu-davajte-stanemo-spilnoyu-pidtrimkoyu-nashih-zsu-na-shlyahu-do-peremogi\/\">Genom att f\u00f6rena v\u00e5rt st\u00f6d multiplicerar vi v\u00e5r styrka: l\u00e5t oss st\u00f6dja v\u00e5ra v\u00e4pnade styrkor p\u00e5 deras v\u00e4g mot seger!<\/a><\/h3><div class=\"meta-data grid-item-meta full-meta-data\"><i class=\"fa fa-calendar\"><\/i> 1 juli 2023<\/div><p><a href=\"https:\/\/openheart.in.ua\/se\/ob%d1%94dnannyam-dopomogi-mi-primnozhu%d1%94mo-silu-davajte-stanemo-spilnoyu-pidtrimkoyu-nashih-zsu-na-shlyahu-do-peremogi\/\"><\/a><\/p><\/div>\n                        <\/div>\n                    <\/li><\/ul><\/div><\/div><\/div><\/div><\/div>\n<\/section>","protected":false},"excerpt":{"rendered":"\u0421\u044c\u043e\u0433\u043e\u0434\u043d\u0456 \u043c\u0438 \u0432\u0456\u0434 \u0449\u0438\u0440\u043e\u0433\u043e \u0441\u0435\u0440\u0446\u044f \u043f\u0438\u0448\u0430\u0454\u043c\u043e\u0441\u044f \u0442\u0438\u043c, \u0449\u043e \u043d\u0430\u0448\u0430 \u0441\u043f\u0456\u043b\u044c\u043d\u0430 \u043f\u0440\u0430\u0446\u044f \u0442\u0430 \u0437\u0443\u0441\u0438\u043b\u043b\u044f \u043d\u0456\u043a\u043e\u043b\u0438 \u043d\u0435 \u0437\u0443\u043f\u0438\u043d\u044f\u044e\u0442\u044c\u0441\u044f. \u041c\u0438 \u043a\u043e\u0436\u043d\u043e\u0433\u043e \u0434\u043d\u044f \u043d\u0430\u0431\u043b\u0438\u0436\u0430\u0454\u043c\u043e \u043f\u0435\u0440\u0435\u043c\u043e\u0433\u0443, \u0440\u0443\u043a\u0430 \u043e\u0431 \u0440\u0443\u043a\u0443 \u0437 \u043d\u0430\u0448\u0438\u043c\u0438 \u0441\u043c\u0456\u043b\u0438\u0432\u0438\u043c\u0438 \u0432\u043e\u0457\u043d\u0430\u043c\u0438 \u0417\u0421\u0423. \u041d\u0435\u0445\u0430\u0439 \u0432\u0430\u0436\u043a\u0456 \u0432\u0438\u043f\u0440\u043e\u0431\u0443\u0432\u0430\u043d\u043d\u044f \u043d\u0430 \u043d\u0430\u0448\u043e\u043c\u0443 \u0448\u043b\u044f\u0445\u0443 \u0434\u043e \u043c\u0438\u0440\u0443 \u0456 \u043d\u0435\u0437\u0430\u043b\u0435\u0436\u043d\u043e\u0441\u0442\u0456 \u0442\u0456\u043b\u044c\u043a\u0438 \u0437\u043c\u0456\u0446\u043d\u044e\u044e\u0442\u044c \u043d\u0430\u0441, \u043d\u0430\u0434\u0438\u0445\u0430\u044e\u0442\u044c \u043d\u0430 \u043d\u043e\u0432\u0456, \u0449\u0435 \u0432\u0456\u0434\u0432\u0430\u0436\u043d\u0456\u0448\u0456 \u0437\u0432\u0435\u0440\u0448\u0435\u043d\u043d\u044f. \u041f\u0440\u043e\u0439\u0434\u0435\u043d\u0456 \u0434\u043e\u0441\u0456 \u0441\u043a\u043b\u0430\u0434\u043d\u0456 \u043f\u0435\u0440\u0435\u0448\u043a\u043e\u0434\u0438 \u2013 \u0446\u0435 \u0441\u0432\u0456\u0434\u0447\u0435\u043d\u043d\u044f \u0442\u043e\u0433\u043e, \u0449\u043e \u043c\u0438 \u0437\u043c\u043e\u0436\u0435\u043c\u043e \u0437\u0434\u043e\u043b\u0430\u0442\u0438 \u0431\u0443\u0434\u044c-\u044f\u043a\u0456 \u0432\u0438\u043a\u043b\u0438\u043a\u0438 \u0440\u0430\u0437\u043e\u043c. \u0417\u0430\u043f\u0440\u043e\u0448\u0443\u0454\u043c\u043e \u043a\u043e\u0436\u043d\u043e\u0433\u043e \u043d\u0435 \u0437\u0430\u043b\u0438\u0448\u0430\u0442\u0438\u0441\u044f \u043e\u0441\u0442\u043e\u0440\u043e\u043d\u044c. \u0414\u043e\u043b\u0443\u0447\u0430\u0439\u0442\u0435\u0441\u044c \u0434\u043e \u043d\u0430\u0448\u043e\u0457 \u0440\u043e\u0431\u043e\u0442\u0438, \u0430\u0434\u0436\u0435 \u043a\u043e\u0436\u043d\u0430 \u0434\u043e\u043f\u043e\u043c\u043e\u0433\u0430, \u043a\u043e\u0436\u043d\u0430 \u043a\u043e\u043f\u0456\u0439\u043a\u0430 \u0447\u0438 \u0441\u043b\u043e\u0432\u043e \u043f\u0456\u0434\u0442\u0440\u0438\u043c\u043a\u0438 \u2013 \u0454 \u043d\u0435\u0432\u0456\u0434\u2019\u0454\u043c\u043d\u043e\u044e \u0447\u0430\u0441\u0442\u0438\u043d\u043a\u043e\u044e \u0432 \u0441\u043a\u0430\u0440\u0431\u043d\u0438\u0446\u0456 \u043f\u0435\u0440\u0435\u043c\u043e\u0433\u0438. \u0411\u0443\u0434\u044c\u043c\u043e \u0440\u0430\u0437\u043e\u043c, \u0454\u0434\u043d\u0430\u0439\u043c\u043e\u0441\u044f \u0442\u0430 \u043f\u0440\u0430\u0446\u044e\u0439\u043c\u043e \u043d\u0430 \u043a\u043e\u0440\u0438\u0441\u0442\u044c \u0423\u043a\u0440\u0430\u0457\u043d\u0456! \u0421\u043b\u0430\u0432\u0430 \u0423\u043a\u0440\u0430\u0457\u043d\u0456!","protected":false},"author":1,"featured_media":0,"parent":0,"menu_order":0,"comment_status":"closed","ping_status":"closed","template":"","meta":{"inline_featured_image":false,"footnotes":""},"class_list":["post-205","page","type-page","status-publish","hentry"],"yoast_head":"<!-- This site is optimized with the Yoast SEO plugin v25.8 - https:\/\/yoast.com\/wordpress\/plugins\/seo\/ -->\n<title>Blog Grid - \u0411\u043b\u0430\u0433\u043e\u0434\u0456\u0439\u043d\u0438\u0439 \u0424\u043e\u043d\u0434 \u0434\u043e\u043f\u043e\u043c\u043e\u0433\u0438 \u0432\u0456\u0439\u0441\u044c\u043a\u043e\u0432\u0438\u043c \u201c\u0412\u0456\u0434\u043a\u0440\u0438\u0442\u0435 \u0441\u0435\u0440\u0446\u0435\u201d \u0432 \u0427\u0435\u0440\u043a\u0430\u0441c\u0430\u0445<\/title>\n<meta name=\"robots\" content=\"index, follow, max-snippet:-1, max-image-preview:large, max-video-preview:-1\" \/>\n<link rel=\"canonical\" href=\"https:\/\/openheart.in.ua\/se\/blogg-rutnat\/\" \/>\n<meta property=\"og:locale\" content=\"sv_SE\" \/>\n<meta property=\"og:type\" content=\"article\" \/>\n<meta property=\"og:title\" content=\"Blog Grid - \u0411\u043b\u0430\u0433\u043e\u0434\u0456\u0439\u043d\u0438\u0439 \u0424\u043e\u043d\u0434 \u0434\u043e\u043f\u043e\u043c\u043e\u0433\u0438 \u0432\u0456\u0439\u0441\u044c\u043a\u043e\u0432\u0438\u043c \u201c\u0412\u0456\u0434\u043a\u0440\u0438\u0442\u0435 \u0441\u0435\u0440\u0446\u0435\u201d \u0432 \u0427\u0435\u0440\u043a\u0430\u0441c\u0430\u0445\" \/>\n<meta property=\"og:url\" content=\"https:\/\/openheart.in.ua\/se\/blogg-rutnat\/\" \/>\n<meta property=\"og:site_name\" content=\"\u0411\u043b\u0430\u0433\u043e\u0434\u0456\u0439\u043d\u0438\u0439 \u0424\u043e\u043d\u0434 \u0434\u043e\u043f\u043e\u043c\u043e\u0433\u0438 \u0432\u0456\u0439\u0441\u044c\u043a\u043e\u0432\u0438\u043c \u201c\u0412\u0456\u0434\u043a\u0440\u0438\u0442\u0435 \u0441\u0435\u0440\u0446\u0435\u201d \u0432 \u0427\u0435\u0440\u043a\u0430\u0441c\u0430\u0445\" \/>\n<meta property=\"article:publisher\" content=\"https:\/\/www.facebook.com\/openheartua\" \/>\n<meta name=\"twitter:card\" content=\"summary_large_image\" \/>\n<script type=\"application\/ld+json\" class=\"yoast-schema-graph\">{\"@context\":\"https:\/\/schema.org\",\"@graph\":[{\"@type\":\"WebPage\",\"@id\":\"https:\/\/openheart.in.ua\/blog-grid\/\",\"url\":\"https:\/\/openheart.in.ua\/blog-grid\/\",\"name\":\"Blog Grid - \u0411\u043b\u0430\u0433\u043e\u0434\u0456\u0439\u043d\u0438\u0439 \u0424\u043e\u043d\u0434 \u0434\u043e\u043f\u043e\u043c\u043e\u0433\u0438 \u0432\u0456\u0439\u0441\u044c\u043a\u043e\u0432\u0438\u043c \u201c\u0412\u0456\u0434\u043a\u0440\u0438\u0442\u0435 \u0441\u0435\u0440\u0446\u0435\u201d \u0432 \u0427\u0435\u0440\u043a\u0430\u0441c\u0430\u0445\",\"isPartOf\":{\"@id\":\"https:\/\/openheart.in.ua\/#website\"},\"datePublished\":\"2016-03-15T13:01:26+00:00\",\"breadcrumb\":{\"@id\":\"https:\/\/openheart.in.ua\/blog-grid\/#breadcrumb\"},\"inLanguage\":\"sv-SE\",\"potentialAction\":[{\"@type\":\"ReadAction\",\"target\":[\"https:\/\/openheart.in.ua\/blog-grid\/\"]}]},{\"@type\":\"BreadcrumbList\",\"@id\":\"https:\/\/openheart.in.ua\/blog-grid\/#breadcrumb\",\"itemListElement\":[{\"@type\":\"ListItem\",\"position\":1,\"name\":\"Home\",\"item\":\"https:\/\/openheart.in.ua\/\"},{\"@type\":\"ListItem\",\"position\":2,\"name\":\"Blog Grid\"}]},{\"@type\":\"WebSite\",\"@id\":\"https:\/\/openheart.in.ua\/#website\",\"url\":\"https:\/\/openheart.in.ua\/\",\"name\":\"\u0411\u043b\u0430\u0433\u043e\u0434\u0456\u0439\u043d\u0438\u0439 \u0424\u043e\u043d\u0434 \u0434\u043e\u043f\u043e\u043c\u043e\u0433\u0438 \u0432\u0456\u0439\u0441\u044c\u043a\u043e\u0432\u0438\u043c \u201c\u0412\u0456\u0434\u043a\u0440\u0438\u0442\u0435 \u0441\u0435\u0440\u0446\u0435\u201d \u0432 \u0427\u0435\u0440\u043a\u0430\u0441\u0430\u0445\",\"description\":\"\u041f\u0441\u0438\u0445\u043e\u043b\u043e\u0433\u0456\u0447\u043d\u0430 \u0440\u0435\u0430\u0431\u0456\u043b\u0456\u0442\u0430\u0446\u0456\u044f \u0443\u0447\u0430\u0441\u043d\u0438\u043a\u0456\u0432 \u0431\u043e\u0439\u043e\u0432\u0438\u0445 \u0434\u0456\u0439 \u0443 \u0444\u043e\u043d\u0434\u0456 \u201c\u0412\u0456\u0434\u043a\u0440\u0438\u0442\u0435 \u0441\u0435\u0440\u0434\u0446\u0435\u201d\u2013 \u043f\u0440\u043e\u0444\u0435\u0441\u0456\u0439\u043d\u0430 \u043f\u0456\u0434\u0442\u0440\u0438\u043c\u043a\u0430 \u0432\u0435\u0442\u0435\u0440\u0430\u043d\u0456\u0432 \u0442\u0430 \u0432\u0456\u0439\u0441\u044c\u043a\u043e\u0432\u043e\u0441\u043b\u0443\u0436\u0431\u043e\u0432\u0446\u0456\u0432 \u0434\u043b\u044f \u043f\u043e\u0434\u043e\u043b\u0430\u043d\u043d\u044f \u041f\u0422\u0421\u0420, \u0442\u0440\u0438\u0432\u043e\u0436\u043d\u043e\u0441\u0442\u0456 \u0442\u0430 \u0441\u0442\u0440\u0435\u0441\u0443.\",\"publisher\":{\"@id\":\"https:\/\/openheart.in.ua\/#organization\"},\"alternateName\":\"\u0411\u0424 \\\"\u0412\u0456\u0434\u043a\u0440\u0438\u0442\u0435 \u0441\u0435\u0440\u0446\u0435\\\"\",\"potentialAction\":[{\"@type\":\"SearchAction\",\"target\":{\"@type\":\"EntryPoint\",\"urlTemplate\":\"https:\/\/openheart.in.ua\/?s={search_term_string}\"},\"query-input\":{\"@type\":\"PropertyValueSpecification\",\"valueRequired\":true,\"valueName\":\"search_term_string\"}}],\"inLanguage\":\"sv-SE\"},{\"@type\":\"Organization\",\"@id\":\"https:\/\/openheart.in.ua\/#organization\",\"name\":\"\u0411\u043b\u0430\u0433\u043e\u0434\u0456\u0439\u043d\u0438\u0439 \u0424\u043e\u043d\u0434 \u0434\u043e\u043f\u043e\u043c\u043e\u0433\u0438 \u0432\u0456\u0439\u0441\u044c\u043a\u043e\u0432\u0438\u043c \u201c\u0412\u0456\u0434\u043a\u0440\u0438\u0442\u0435 \u0441\u0435\u0440\u0446\u0435\u201d \u0432 \u0427\u0435\u0440\u043a\u0430\u0441\u0430\u0445\",\"url\":\"https:\/\/openheart.in.ua\/\",\"logo\":{\"@type\":\"ImageObject\",\"inLanguage\":\"sv-SE\",\"@id\":\"https:\/\/openheart.in.ua\/#\/schema\/logo\/image\/\",\"url\":\"https:\/\/openheart.in.ua\/wp-content\/uploads\/2025\/08\/logo.svg\",\"contentUrl\":\"https:\/\/openheart.in.ua\/wp-content\/uploads\/2025\/08\/logo.svg\",\"width\":382,\"height\":382,\"caption\":\"\u0411\u043b\u0430\u0433\u043e\u0434\u0456\u0439\u043d\u0438\u0439 \u0424\u043e\u043d\u0434 \u0434\u043e\u043f\u043e\u043c\u043e\u0433\u0438 \u0432\u0456\u0439\u0441\u044c\u043a\u043e\u0432\u0438\u043c \u201c\u0412\u0456\u0434\u043a\u0440\u0438\u0442\u0435 \u0441\u0435\u0440\u0446\u0435\u201d \u0432 \u0427\u0435\u0440\u043a\u0430\u0441\u0430\u0445\"},\"image\":{\"@id\":\"https:\/\/openheart.in.ua\/#\/schema\/logo\/image\/\"},\"sameAs\":[\"https:\/\/www.facebook.com\/openheartua\",\"https:\/\/www.instagram.com\/openheartua\/?igshid=MzRlODBiNWFlZA\",\"https:\/\/www.youtube.com\/@CharityFoundationOpenHeart\",\"https:\/\/www.tiktok.com\/@openheartfund\"]}]}<\/script>\n<!-- \/ Yoast SEO plugin. -->","yoast_head_json":{"title":"Blog Grid - \u0411\u043b\u0430\u0433\u043e\u0434\u0456\u0439\u043d\u0438\u0439 \u0424\u043e\u043d\u0434 \u0434\u043e\u043f\u043e\u043c\u043e\u0433\u0438 \u0432\u0456\u0439\u0441\u044c\u043a\u043e\u0432\u0438\u043c \u201c\u0412\u0456\u0434\u043a\u0440\u0438\u0442\u0435 \u0441\u0435\u0440\u0446\u0435\u201d \u0432 \u0427\u0435\u0440\u043a\u0430\u0441c\u0430\u0445","robots":{"index":"index","follow":"follow","max-snippet":"max-snippet:-1","max-image-preview":"max-image-preview:large","max-video-preview":"max-video-preview:-1"},"canonical":"https:\/\/openheart.in.ua\/se\/blogg-rutnat\/","og_locale":"sv_SE","og_type":"article","og_title":"Blog Grid - \u0411\u043b\u0430\u0433\u043e\u0434\u0456\u0439\u043d\u0438\u0439 \u0424\u043e\u043d\u0434 \u0434\u043e\u043f\u043e\u043c\u043e\u0433\u0438 \u0432\u0456\u0439\u0441\u044c\u043a\u043e\u0432\u0438\u043c \u201c\u0412\u0456\u0434\u043a\u0440\u0438\u0442\u0435 \u0441\u0435\u0440\u0446\u0435\u201d \u0432 \u0427\u0435\u0440\u043a\u0430\u0441c\u0430\u0445","og_url":"https:\/\/openheart.in.ua\/se\/blogg-rutnat\/","og_site_name":"\u0411\u043b\u0430\u0433\u043e\u0434\u0456\u0439\u043d\u0438\u0439 \u0424\u043e\u043d\u0434 \u0434\u043e\u043f\u043e\u043c\u043e\u0433\u0438 \u0432\u0456\u0439\u0441\u044c\u043a\u043e\u0432\u0438\u043c \u201c\u0412\u0456\u0434\u043a\u0440\u0438\u0442\u0435 \u0441\u0435\u0440\u0446\u0435\u201d \u0432 \u0427\u0435\u0440\u043a\u0430\u0441c\u0430\u0445","article_publisher":"https:\/\/www.facebook.com\/openheartua","twitter_card":"summary_large_image","schema":{"@context":"https:\/\/schema.org","@graph":[{"@type":"WebPage","@id":"https:\/\/openheart.in.ua\/blog-grid\/","url":"https:\/\/openheart.in.ua\/blog-grid\/","name":"Blog Grid - \u0411\u043b\u0430\u0433\u043e\u0434\u0456\u0439\u043d\u0438\u0439 \u0424\u043e\u043d\u0434 \u0434\u043e\u043f\u043e\u043c\u043e\u0433\u0438 \u0432\u0456\u0439\u0441\u044c\u043a\u043e\u0432\u0438\u043c \u201c\u0412\u0456\u0434\u043a\u0440\u0438\u0442\u0435 \u0441\u0435\u0440\u0446\u0435\u201d \u0432 \u0427\u0435\u0440\u043a\u0430\u0441c\u0430\u0445","isPartOf":{"@id":"https:\/\/openheart.in.ua\/#website"},"datePublished":"2016-03-15T13:01:26+00:00","breadcrumb":{"@id":"https:\/\/openheart.in.ua\/blog-grid\/#breadcrumb"},"inLanguage":"sv-SE","potentialAction":[{"@type":"ReadAction","target":["https:\/\/openheart.in.ua\/blog-grid\/"]}]},{"@type":"BreadcrumbList","@id":"https:\/\/openheart.in.ua\/blog-grid\/#breadcrumb","itemListElement":[{"@type":"ListItem","position":1,"name":"Home","item":"https:\/\/openheart.in.ua\/"},{"@type":"ListItem","position":2,"name":"Blog Grid"}]},{"@type":"WebSite","@id":"https:\/\/openheart.in.ua\/#website","url":"https:\/\/openheart.in.ua\/","name":"\u0411\u043b\u0430\u0433\u043e\u0434\u0456\u0439\u043d\u0438\u0439 \u0424\u043e\u043d\u0434 \u0434\u043e\u043f\u043e\u043c\u043e\u0433\u0438 \u0432\u0456\u0439\u0441\u044c\u043a\u043e\u0432\u0438\u043c \u201c\u0412\u0456\u0434\u043a\u0440\u0438\u0442\u0435 \u0441\u0435\u0440\u0446\u0435\u201d \u0432 \u0427\u0435\u0440\u043a\u0430\u0441\u0430\u0445","description":"\u041f\u0441\u0438\u0445\u043e\u043b\u043e\u0433\u0456\u0447\u043d\u0430 \u0440\u0435\u0430\u0431\u0456\u043b\u0456\u0442\u0430\u0446\u0456\u044f \u0443\u0447\u0430\u0441\u043d\u0438\u043a\u0456\u0432 \u0431\u043e\u0439\u043e\u0432\u0438\u0445 \u0434\u0456\u0439 \u0443 \u0444\u043e\u043d\u0434\u0456 \u201c\u0412\u0456\u0434\u043a\u0440\u0438\u0442\u0435 \u0441\u0435\u0440\u0434\u0446\u0435\u201d\u2013 \u043f\u0440\u043e\u0444\u0435\u0441\u0456\u0439\u043d\u0430 \u043f\u0456\u0434\u0442\u0440\u0438\u043c\u043a\u0430 \u0432\u0435\u0442\u0435\u0440\u0430\u043d\u0456\u0432 \u0442\u0430 \u0432\u0456\u0439\u0441\u044c\u043a\u043e\u0432\u043e\u0441\u043b\u0443\u0436\u0431\u043e\u0432\u0446\u0456\u0432 \u0434\u043b\u044f \u043f\u043e\u0434\u043e\u043b\u0430\u043d\u043d\u044f \u041f\u0422\u0421\u0420, \u0442\u0440\u0438\u0432\u043e\u0436\u043d\u043e\u0441\u0442\u0456 \u0442\u0430 \u0441\u0442\u0440\u0435\u0441\u0443.","publisher":{"@id":"https:\/\/openheart.in.ua\/#organization"},"alternateName":"\u0411\u0424 \"\u0412\u0456\u0434\u043a\u0440\u0438\u0442\u0435 \u0441\u0435\u0440\u0446\u0435\"","potentialAction":[{"@type":"SearchAction","target":{"@type":"EntryPoint","urlTemplate":"https:\/\/openheart.in.ua\/?s={search_term_string}"},"query-input":{"@type":"PropertyValueSpecification","valueRequired":true,"valueName":"search_term_string"}}],"inLanguage":"sv-SE"},{"@type":"Organization","@id":"https:\/\/openheart.in.ua\/#organization","name":"\u0411\u043b\u0430\u0433\u043e\u0434\u0456\u0439\u043d\u0438\u0439 \u0424\u043e\u043d\u0434 \u0434\u043e\u043f\u043e\u043c\u043e\u0433\u0438 \u0432\u0456\u0439\u0441\u044c\u043a\u043e\u0432\u0438\u043c \u201c\u0412\u0456\u0434\u043a\u0440\u0438\u0442\u0435 \u0441\u0435\u0440\u0446\u0435\u201d \u0432 \u0427\u0435\u0440\u043a\u0430\u0441\u0430\u0445","url":"https:\/\/openheart.in.ua\/","logo":{"@type":"ImageObject","inLanguage":"sv-SE","@id":"https:\/\/openheart.in.ua\/#\/schema\/logo\/image\/","url":"https:\/\/openheart.in.ua\/wp-content\/uploads\/2025\/08\/logo.svg","contentUrl":"https:\/\/openheart.in.ua\/wp-content\/uploads\/2025\/08\/logo.svg","width":382,"height":382,"caption":"\u0411\u043b\u0430\u0433\u043e\u0434\u0456\u0439\u043d\u0438\u0439 \u0424\u043e\u043d\u0434 \u0434\u043e\u043f\u043e\u043c\u043e\u0433\u0438 \u0432\u0456\u0439\u0441\u044c\u043a\u043e\u0432\u0438\u043c \u201c\u0412\u0456\u0434\u043a\u0440\u0438\u0442\u0435 \u0441\u0435\u0440\u0446\u0435\u201d \u0432 \u0427\u0435\u0440\u043a\u0430\u0441\u0430\u0445"},"image":{"@id":"https:\/\/openheart.in.ua\/#\/schema\/logo\/image\/"},"sameAs":["https:\/\/www.facebook.com\/openheartua","https:\/\/www.instagram.com\/openheartua\/?igshid=MzRlODBiNWFlZA","https:\/\/www.youtube.com\/@CharityFoundationOpenHeart","https:\/\/www.tiktok.com\/@openheartfund"]}]}},"_links":{"self":[{"href":"https:\/\/openheart.in.ua\/se\/wp-json\/wp\/v2\/pages\/205","targetHints":{"allow":["GET"]}}],"collection":[{"href":"https:\/\/openheart.in.ua\/se\/wp-json\/wp\/v2\/pages"}],"about":[{"href":"https:\/\/openheart.in.ua\/se\/wp-json\/wp\/v2\/types\/page"}],"author":[{"embeddable":true,"href":"https:\/\/openheart.in.ua\/se\/wp-json\/wp\/v2\/users\/1"}],"replies":[{"embeddable":true,"href":"https:\/\/openheart.in.ua\/se\/wp-json\/wp\/v2\/comments?post=205"}],"version-history":[{"count":0,"href":"https:\/\/openheart.in.ua\/se\/wp-json\/wp\/v2\/pages\/205\/revisions"}],"wp:attachment":[{"href":"https:\/\/openheart.in.ua\/se\/wp-json\/wp\/v2\/media?parent=205"}],"curies":[{"name":"wp","href":"https:\/\/api.w.org\/{rel}","templated":true}]}}